{"id":205,"date":"2021-09-14T13:28:15","date_gmt":"2021-09-14T13:28:15","guid":{"rendered":"https:\/\/tvh.mb7x.de\/?page_id=205"},"modified":"2023-01-11T16:09:23","modified_gmt":"2023-01-11T15:09:23","slug":"badminton","status":"publish","type":"page","link":"https:\/\/tv-hattenheim.de\/index.php\/badminton\/","title":{"rendered":"Badminton"},"content":{"rendered":"\n<p><strong>Badminton Erwachsene<\/strong><\/p>\n\n\n\n<p><strong>Trainingszeiten:&nbsp; Dienstags&nbsp;&nbsp; 16:00 bis 17:30 Uhr und<\/strong><\/p>\n\n\n\n<p><strong>&nbsp;&nbsp;&nbsp;&nbsp;&nbsp;&nbsp;&nbsp;&nbsp;&nbsp;&nbsp;&nbsp;&nbsp;&nbsp;&nbsp;&nbsp;&nbsp;&nbsp;&nbsp;&nbsp;&nbsp;&nbsp;&nbsp;&nbsp;&nbsp;&nbsp;&nbsp;&nbsp;&nbsp;&nbsp; Freitags&nbsp;&nbsp;&nbsp;&nbsp;&nbsp;&nbsp;16:30 bis 18:30 Uhr<\/strong><\/p>\n\n\n\n<p>Unser w\u00f6chentliches Training besteht haupts\u00e4chlich aus Punktespielen innerhalb der Gruppe. Wir haben immer viel Spa\u00df und w\u00fcrden uns auch \u00fcber neue Mitspieler sehr freuen; sowohl Anf\u00e4nger als auch Fortgeschrittene.<\/p>\n\n\n\n<p><\/p>\n\n\n\n<figure class=\"wp-block-image size-large\"><img fetchpriority=\"high\" decoding=\"async\" width=\"1024\" height=\"1024\" src=\"https:\/\/tv-hattenheim.de\/wp-content\/uploads\/2023\/01\/2023_Badminton-1024x1024.jpg\" alt=\"\" class=\"wp-image-392\" srcset=\"https:\/\/tv-hattenheim.de\/wp-content\/uploads\/2023\/01\/2023_Badminton-1024x1024.jpg 1024w, https:\/\/tv-hattenheim.de\/wp-content\/uploads\/2023\/01\/2023_Badminton-300x300.jpg 300w, https:\/\/tv-hattenheim.de\/wp-content\/uploads\/2023\/01\/2023_Badminton-150x150.jpg 150w, https:\/\/tv-hattenheim.de\/wp-content\/uploads\/2023\/01\/2023_Badminton-768x768.jpg 768w, https:\/\/tv-hattenheim.de\/wp-content\/uploads\/2023\/01\/2023_Badminton-1536x1536.jpg 1536w, https:\/\/tv-hattenheim.de\/wp-content\/uploads\/2023\/01\/2023_Badminton-2048x2048.jpg 2048w\" sizes=\"(max-width: 1024px) 100vw, 1024px\" \/><\/figure>\n\n\n\n<p>Ansprechpartner: Kerstin Nagel und Matthias Behm<\/p>\n\n\n\n<p><\/p>\n\n\n\n<p><\/p>\n\n\n\n<p><\/p>\n","protected":false},"excerpt":{"rendered":"<p>Badminton Erwachsene Trainingszeiten:&nbsp; Dienstags&nbsp;&nbsp; 16:00 bis 17:30 Uhr und &nbsp;&nbsp;&nbsp;&nbsp;&nbsp;&nbsp;&nbsp;&nbsp;&nbsp;&nbsp;&nbsp;&nbsp;&nbsp;&nbsp;&nbsp;&nbsp;&nbsp;&nbsp;&nbsp;&nbsp;&nbsp;&nbsp;&nbsp;&nbsp;&nbsp;&nbsp;&nbsp;&nbsp;&nbsp; Freitags&nbsp;&nbsp;&nbsp;&nbsp;&nbsp;&nbsp;16:30 bis 18:30 Uhr Unser w\u00f6chentliches Training besteht haupts\u00e4chlich aus Punktespielen innerhalb der Gruppe. Wir haben immer viel Spa\u00df und w\u00fcrden uns auch \u00fcber neue Mitspieler sehr freuen; sowohl Anf\u00e4nger als auch Fortgeschrittene. Ansprechpartner: Kerstin Nagel und Matthias Behm<\/p>\n","protected":false},"author":1,"featured_media":0,"parent":0,"menu_order":0,"comment_status":"closed","ping_status":"closed","template":"","meta":{"site-sidebar-layout":"default","site-content-layout":"default","ast-site-content-layout":"","site-content-style":"default","site-sidebar-style":"default","ast-global-header-display":"","ast-banner-title-visibility":"","ast-main-header-display":"","ast-hfb-above-header-display":"","ast-hfb-below-header-display":"","ast-hfb-mobile-header-display":"","site-post-title":"","ast-breadcrumbs-content":"","ast-featured-img":"","footer-sml-layout":"","theme-transparent-header-meta":"default","adv-header-id-meta":"","stick-header-meta":"","header-above-stick-meta":"","header-main-stick-meta":"","header-below-stick-meta":"","astra-migrate-meta-layouts":"default","ast-page-background-enabled":"default","ast-page-background-meta":{"desktop":{"background-color":"","background-image":"","background-repeat":"repeat","background-position":"center center","background-size":"auto","background-attachment":"scroll","background-type":"","background-media":"","overlay-type":"","overlay-color":"","overlay-opacity":"","overlay-gradient":""},"tablet":{"background-color":"","background-image":"","background-repeat":"repeat","background-position":"center center","background-size":"auto","background-attachment":"scroll","background-type":"","background-media":"","overlay-type":"","overlay-color":"","overlay-opacity":"","overlay-gradient":""},"mobile":{"background-color":"","background-image":"","background-repeat":"repeat","background-position":"center center","background-size":"auto","background-attachment":"scroll","background-type":"","background-media":"","overlay-type":"","overlay-color":"","overlay-opacity":"","overlay-gradient":""}},"ast-content-background-meta":{"desktop":{"background-color":"var(--ast-global-color-5)","background-image":"","background-repeat":"repeat","background-position":"center center","background-size":"auto","background-attachment":"scroll","background-type":"","background-media":"","overlay-type":"","overlay-color":"","overlay-opacity":"","overlay-gradient":""},"tablet":{"background-color":"var(--ast-global-color-5)","background-image":"","background-repeat":"repeat","background-position":"center center","background-size":"auto","background-attachment":"scroll","background-type":"","background-media":"","overlay-type":"","overlay-color":"","overlay-opacity":"","overlay-gradient":""},"mobile":{"background-color":"var(--ast-global-color-5)","background-image":"","background-repeat":"repeat","background-position":"center center","background-size":"auto","background-attachment":"scroll","background-type":"","background-media":"","overlay-type":"","overlay-color":"","overlay-opacity":"","overlay-gradient":""}},"footnotes":""},"class_list":["post-205","page","type-page","status-publish","hentry"],"_links":{"self":[{"href":"https:\/\/tv-hattenheim.de\/index.php\/wp-json\/wp\/v2\/pages\/205","targetHints":{"allow":["GET"]}}],"collection":[{"href":"https:\/\/tv-hattenheim.de\/index.php\/wp-json\/wp\/v2\/pages"}],"about":[{"href":"https:\/\/tv-hattenheim.de\/index.php\/wp-json\/wp\/v2\/types\/page"}],"author":[{"embeddable":true,"href":"https:\/\/tv-hattenheim.de\/index.php\/wp-json\/wp\/v2\/users\/1"}],"replies":[{"embeddable":true,"href":"https:\/\/tv-hattenheim.de\/index.php\/wp-json\/wp\/v2\/comments?post=205"}],"version-history":[{"count":3,"href":"https:\/\/tv-hattenheim.de\/index.php\/wp-json\/wp\/v2\/pages\/205\/revisions"}],"predecessor-version":[{"id":402,"href":"https:\/\/tv-hattenheim.de\/index.php\/wp-json\/wp\/v2\/pages\/205\/revisions\/402"}],"wp:attachment":[{"href":"https:\/\/tv-hattenheim.de\/index.php\/wp-json\/wp\/v2\/media?parent=205"}],"curies":[{"name":"wp","href":"https:\/\/api.w.org\/{rel}","templated":true}]}}