{"id":194,"date":"2021-09-14T13:24:19","date_gmt":"2021-09-14T13:24:19","guid":{"rendered":"https:\/\/tvh.mb7x.de\/?page_id=194"},"modified":"2022-01-19T21:56:14","modified_gmt":"2022-01-19T20:56:14","slug":"zumba","status":"publish","type":"page","link":"https:\/\/tv-hattenheim.de\/index.php\/zumba\/","title":{"rendered":"Zumba"},"content":{"rendered":"\n<p>Liebe tanzbegeisterte Mitglieder des TV Hattenheim 1909 e.V.,<\/p>\n\n\n\n<p>mein Name ist Lisa, ich bin 29, Mama eines dreij\u00e4hrigen Rabauken, wohne in Hattenheim und m\u00f6chte euch gerne mit meiner Leidenschaft f\u00fcr Sport &amp; Rhythmus begeistern!<\/p>\n\n\n\n<p>Wie kam ich dazu? Ich habe schon vor Jahren damit begonnen an verschiedenen ZUMBA\u00ae-Kursen teilzunehmen und habe nun beschlossen meine Leidenschaft zum Beruf zu machen. Die Lizenz zum ZUMBA\u00ae Instructor habe ich im August 2020 erworben und jetzt m\u00f6chte ich gerne gemeinsam mit Euch durchstarten.<\/p>\n\n\n\n<p>Wenn Du Lust hast, den Alltag f\u00fcr eine Stunde zu vergessen und Dich einfach nur gl\u00fccklich zu tanzen, dann bist Du in meinem ZUMBA\u00ae- Kurs genau richtig! Der Kurs findet derzeit montags von 20:05 bis 20:55 Uhr in der Turnhalle statt. Mitbringen solltet Ihr neben guter Laune nat\u00fcrlich auch genug Wasser und ein Handtuch. ACHTUNG: Aufgrund der aktuell geltenden Hygienevorschriften kann die Teilnehmerzahl begrenzt werden! Daher meldet Euch unbedingt vorher telefonisch bei mir an!<\/p>\n\n\n\n<p>Die erste Schnupperstunde ist kostenlos \u2013 f\u00fcr alle weiteren Stunden musst Du Mitglied im Turnverein sein und BEI TEILNAHME \u20ac 4,50 pro Trainingseinheit bezahlen. Die Abrechnung erfolgt \u00fcber Zehnerkarten.<\/p>\n\n\n\n<p>Du hast noch Fragen? Kein Problem \u2013 melde Dich bei mir unter 0177 802 837 6 per WhatsApp oder schreib mir eine E-Mail an&nbsp;<a href=\"mailto:strongerwithlisa@web.de.\"><\/a><a href=\"mailto:strongerwithlisa@web.de\">strongerwithlisa@web.de<\/a>.<\/p>\n\n\n\n<p>Ich freu mich auf Dich!<br>Deine Lisa<\/p>\n","protected":false},"excerpt":{"rendered":"<p>Liebe tanzbegeisterte Mitglieder des TV Hattenheim 1909 e.V., mein Name ist Lisa, ich bin 29, Mama eines dreij\u00e4hrigen Rabauken, wohne in Hattenheim und m\u00f6chte euch gerne mit meiner Leidenschaft f\u00fcr Sport &amp; Rhythmus begeistern! Wie kam ich dazu? Ich habe schon vor Jahren damit begonnen an verschiedenen ZUMBA\u00ae-Kursen teilzunehmen und habe nun beschlossen meine Leidenschaft [&hellip;]<\/p>\n","protected":false},"author":1,"featured_media":0,"parent":0,"menu_order":0,"comment_status":"closed","ping_status":"closed","template":"","meta":{"site-sidebar-layout":"default","site-content-layout":"default","ast-site-content-layout":"","site-content-style":"default","site-sidebar-style":"default","ast-global-header-display":"","ast-banner-title-visibility":"","ast-main-header-display":"","ast-hfb-above-header-display":"","ast-hfb-below-header-display":"","ast-hfb-mobile-header-display":"","site-post-title":"","ast-breadcrumbs-content":"","ast-featured-img":"","footer-sml-layout":"","theme-transparent-header-meta":"default","adv-header-id-meta":"","stick-header-meta":"","header-above-stick-meta":"","header-main-stick-meta":"","header-below-stick-meta":"","astra-migrate-meta-layouts":"default","ast-page-background-enabled":"default","ast-page-background-meta":{"desktop":{"background-color":"","background-image":"","background-repeat":"repeat","background-position":"center center","background-size":"auto","background-attachment":"scroll","background-type":"","background-media":"","overlay-type":"","overlay-color":"","overlay-opacity":"","overlay-gradient":""},"tablet":{"background-color":"","background-image":"","background-repeat":"repeat","background-position":"center center","background-size":"auto","background-attachment":"scroll","background-type":"","background-media":"","overlay-type":"","overlay-color":"","overlay-opacity":"","overlay-gradient":""},"mobile":{"background-color":"","background-image":"","background-repeat":"repeat","background-position":"center center","background-size":"auto","background-attachment":"scroll","background-type":"","background-media":"","overlay-type":"","overlay-color":"","overlay-opacity":"","overlay-gradient":""}},"ast-content-background-meta":{"desktop":{"background-color":"var(--ast-global-color-5)","background-image":"","background-repeat":"repeat","background-position":"center center","background-size":"auto","background-attachment":"scroll","background-type":"","background-media":"","overlay-type":"","overlay-color":"","overlay-opacity":"","overlay-gradient":""},"tablet":{"background-color":"var(--ast-global-color-5)","background-image":"","background-repeat":"repeat","background-position":"center center","background-size":"auto","background-attachment":"scroll","background-type":"","background-media":"","overlay-type":"","overlay-color":"","overlay-opacity":"","overlay-gradient":""},"mobile":{"background-color":"var(--ast-global-color-5)","background-image":"","background-repeat":"repeat","background-position":"center center","background-size":"auto","background-attachment":"scroll","background-type":"","background-media":"","overlay-type":"","overlay-color":"","overlay-opacity":"","overlay-gradient":""}},"footnotes":""},"class_list":["post-194","page","type-page","status-publish","hentry"],"_links":{"self":[{"href":"https:\/\/tv-hattenheim.de\/index.php\/wp-json\/wp\/v2\/pages\/194","targetHints":{"allow":["GET"]}}],"collection":[{"href":"https:\/\/tv-hattenheim.de\/index.php\/wp-json\/wp\/v2\/pages"}],"about":[{"href":"https:\/\/tv-hattenheim.de\/index.php\/wp-json\/wp\/v2\/types\/page"}],"author":[{"embeddable":true,"href":"https:\/\/tv-hattenheim.de\/index.php\/wp-json\/wp\/v2\/users\/1"}],"replies":[{"embeddable":true,"href":"https:\/\/tv-hattenheim.de\/index.php\/wp-json\/wp\/v2\/comments?post=194"}],"version-history":[{"count":4,"href":"https:\/\/tv-hattenheim.de\/index.php\/wp-json\/wp\/v2\/pages\/194\/revisions"}],"predecessor-version":[{"id":307,"href":"https:\/\/tv-hattenheim.de\/index.php\/wp-json\/wp\/v2\/pages\/194\/revisions\/307"}],"wp:attachment":[{"href":"https:\/\/tv-hattenheim.de\/index.php\/wp-json\/wp\/v2\/media?parent=194"}],"curies":[{"name":"wp","href":"https:\/\/api.w.org\/{rel}","templated":true}]}}