{"id":19,"date":"2021-01-24T09:45:18","date_gmt":"2021-01-24T09:45:18","guid":{"rendered":"https:\/\/v2.tv-hattenheim.de\/?page_id=19"},"modified":"2025-06-24T10:24:08","modified_gmt":"2025-06-24T08:24:08","slug":"wir-ueber-uns","status":"publish","type":"page","link":"https:\/\/tv-hattenheim.de\/index.php\/sample-page\/wir-ueber-uns\/","title":{"rendered":"Wir \u00fcber uns"},"content":{"rendered":"\n<p><strong>Der Vorstand<\/strong><\/p>\n\n\n\n<figure class=\"wp-block-table\"><table><tbody><tr><td>1. Vorsitzende<\/td><td>Viktoria Zwerschke<\/td><\/tr><tr><td>2. Vorsitzende<\/td><td>Pamela Stelzer<\/td><\/tr><tr><td>Sportwartin<\/td><td>Marina Mesenholl<\/td><\/tr><tr><td>2. Sportwartin<\/td><td>Felicitas Pulverm\u00fcller<\/td><\/tr><tr><td>Schriftf\u00fchrer\/in<\/td><td>Jasmine Obstfelder<\/td><\/tr><tr><td>2. Schriftf\u00fchrerin<\/td><td>Lisa-Antonia Berg<\/td><\/tr><tr><td>Jugendvertreter\/in<\/td><td><em>Vakant<\/em><\/td><\/tr><tr><td>Kassierer<\/td><td>Manfred Mesenholl<\/td><\/tr><tr><td>2. Kassierer<\/td><td>Jeremias Sinaba<\/td><\/tr><tr><td>Beisitzerin<\/td><td>Jessica Gemmer<\/td><\/tr><tr><td>Beisitzerin<\/td><td>Bettina Egert<\/td><\/tr><tr><td>Beisitzer<\/td><td>Nikola Kisch<\/td><\/tr><tr><td>Beisitzer<\/td><td>Raphael Hrobarsch<\/td><\/tr><\/tbody><\/table><\/figure>\n\n\n\n<p class=\"has-text-align-center\">&nbsp;&nbsp;Datenschutzbeauftragter : Andr\u00e9 Simon (<a href=\"mailto:Datenschutz@tv-hattenheim.de\">Datenschutz@tv-hattenheim.de<\/a>)&nbsp;<\/p>\n\n\n\n<p class=\"has-text-align-left\"><strong>Der Verein<\/strong><br>Wir sind mit derzeit \u00fcber 750 Mitgliedern im Bereich Turnen, Leichtathletik, Tischtennis, Volleyball, Badminton&nbsp;sowie allgemeiner Breitensport, R\u00fcckengymnastik, Tanzen und Fitness die Erg\u00e4nzung zu Fu\u00dfball, Tennis, Schie\u00dfen und anderen spezialisierten Sportarten in Hattenheim. Mit zur Zeit 8 lizenzierten \u00dcbungsleitern und einer Vielzahl von Betreuern und Helfern sorgen wir in Hattenheim f\u00fcr Bewegung.&nbsp;In dem 1993 errichteten Hallenanbau befindet sich unser Vereinsheim mit R\u00e4umlichkeiten f\u00fcr unsere Ger\u00e4tschaften, Zusammenk\u00fcnfte, Schulungen und gesellige Veranstaltungen.&nbsp;Unser Angebot umfasst die verschiedensten Disziplinen verteilt auf \u00fcber 40 Wochenstunden sowohl in der Turnhalle der Waldbachschule, dem neugeschaffenen Vereinsraum, den Rentnerband, Gesangverein und Turnverein gemeinsam nutzen als auch auf der Kleinsportanlage am Rheinufer.&nbsp;Die Halle wurde Mitte 2009 energetisch und funktionell renoviert, was zur Folge hat, dass sich die Turngruppen in der Halle seit Oktober 2010 wieder wohl f\u00fchlen.<br>Am besten Sie machen sich selber ein Bild und schauen mal vorbei.&nbsp;<\/p>\n\n\n\n<p><strong>Aus der Vereinsgeschichte:<\/strong>&nbsp;<br>Das 100 &#8211; j\u00e4hrige Jubil\u00e4um des Turnvereins Hattenheim, welches im Jahr 2009 festlich begangen wurde, war Anlass genug, einen Blick in die Vereinsgeschichte zu werfen.<br>Es war am 9. August 1909, als die Idee, einen Turnverein zu gr\u00fcnden &#8211; oder besser gesagt wieder zu gr\u00fcnden (dazu sp\u00e4ter mehr)- in die Tat umgesetzt wurde.<br>Eine Gruppe turnbegeisterter Hattenheimer, an ihrer Spitze Philipp Berg, verfasste einen entsprechenden Aufruf, dem 63 M\u00e4nner folgten. Versammlungsort war das Rathaus. B\u00fcrgermeister Heimes unterstrich durch seine Anwesenheit die Bedeutung dieser auch f\u00fcr ihn wichtigen Sache. Der Kernsatz des Aufrufs lautete: &#8222;Eltern, Vorm\u00fcnder und Lehrmeister, veranlasset Eure der Schule entwachsenen Kinder, Sch\u00fctz &#8211; und Lehrlinge, dass sie an den turnerischen \u00dcbungen teilnehmen&#8220;. Ein Turnen f\u00fcr Kinder im Schul- oder Vorschulalter gab es damals noch nicht. Auch vom weiblichen Geschlecht war noch nicht die Rede.&nbsp;<\/p>\n\n\n\n<p>Philipp Berg wurde bei der 1. Generalversammlung zum 1. Vorsitzenden gew\u00e4hlt.<br>Gute Zusammenarbeit mit den Nachbarvereinen war auch damals schon ein Thema.<br>So lieh man gegenseitig Turn- und Sportger\u00e4te aus, um Kosten zu sparen. Wie eingangs erw\u00e4hnt, hatte es in Hattenheim schon einmal einen Turnverein gegeben. Daf\u00fcr sprechen das Vorhandensein einer Fahne aus der Mitte des 19. Jahrhunderts<br>und entsprechende Eintragungen in den Protokollb\u00fcchern. So hei\u00dft es am 31. Juli 1920:<br>&#8222;Der Turnverein Hattenheim geh\u00f6rte in der Mitte des vorigen Jahrhunderts zu den eifrigsten im Gau&#8220;. Au\u00dferdem steht am 30. Januar 1910 \u00fcber die Fahne geschrieben: &#8222;Vater und Sohn Steinheimer boten in den 60er Jahren des vorigen Jahrhunderts dem Verein eine Fahne an. Die Fahne wurde angenommen und Vater Steinheimer zum Ehrenmitglied ernannt&#8220;.&nbsp;<\/p>\n\n\n\n<p>Am 17. September 1913 wurde Johann Korn 1. Vorsitzender. Korn war vorher Turnwart und f\u00fchrte dann den Verein \u00fcber Jahrzehnte.<br>Obwohl reger Turnbetrieb herrschte, belasteten die Schulden bei der Gemeinde, die die Ger\u00e4te vorfinanziert hatte, den Verein sehr. So musste \u00fcber jeden Turnfestbesuch beschlossen werden. Oft waren die Teilnehmer aus finanziellen Gr\u00fcnden gezwungen zuhause zu bleiben.&nbsp;<\/p>\n\n\n\n<p>Eine weitere gro\u00dfe Belastung brachte der Ausbruch des Ersten Weltkrieges im August 1914. Als &#8222;Liebesgabe&#8220; wurden den jeweils einr\u00fcckenden Soldaten sechs Zigaretten und eine Tafel Schokolade \u00fcberreicht. Die letzte Sitzung in dieser Zeit fand am 19. Januar 1915 statt.<br>Am 16. August 1919 schreibt der damalige Schriftf\u00fchrer: &#8222;Nach langer Pause von viereineinhalb Jahren findet heute wieder eine Mitgliederversammlung statt&#8220;. Sieben in den Krieg gezogene M\u00e4nner kehrten nicht mehr heim. Der Mitgliederbeitrag wurde in dieser Sitzung auf 50 Pfennig festgesetzt. In dieser H\u00f6he wurde er tats\u00e4chlich bis 1962(!) erhoben.<br>1920 wurde eine Faustballriege gegr\u00fcndet. Da keine Finanzmittel zur Verf\u00fcgung standen, trugen die Spieler die Kosten f\u00fcr den zu beschaffenden Faustball selbst.<br>Im Jahre 1921 besuchte man das Turnfest in Aschaffenburg, ein f\u00fcr die damaligen Teilnehmer sicher gro\u00dfartiges Erlebnis.&nbsp;<\/p>\n\n\n\n<p class=\"has-text-align-center\">1936 wurden alle Turnger\u00e4te des TV Hattenheim durch das Milit\u00e4r beschlagnahmt und auf den nahegelegenen Eichberg gebracht. Aus Protest gegen diese Ma\u00dfnahme trat der gesamte Vorstand zur\u00fcck. Ab diesem Zeitpunkt wurden regelm\u00e4\u00dfig die \u00dcbungsstunden beim Nachbarverein TG Mittelheim besucht.<\/p>\n\n\n\n<p class=\"has-text-align-center\"><br><img decoding=\"async\" src=\"https:\/\/tv-hattenheim.de\/images\/historie_250.1.jpg\" alt=\"\"><br>&nbsp;Der Turnverein Hattenheim im Wiedergr\u00fcndungsjahr 1949<\/p>\n\n\n\n<p class=\"has-text-align-left\"><br>Vier Jahre nach Ende des Zweiten Weltkrieges begann man 1949 mit dem Wiederaufbau des Vereins. Am 26. August konnte die erste Mitgliederversammlung stattfinden und der Turnbetrieb neu anlaufen. In dieser Versammlung wurde Hubert M\u00fcnch mit der F\u00fchrung des Vereins beauftragt. Ein Jahr sp\u00e4ter \u00fcbernahm Karl Schultis den Vorsitz. Zu den Neugr\u00fcndungsmitgliedern geh\u00f6rten u. a. Willi Schmidt, Otto Fluck, Gertrude Kunz, Karl Schultis, Peter Korn, Josef Korn, Bernd Zinser, Otto Gerster, Josef Gerz, Heinrich Steinheimer und Valentin Statzner.&nbsp;<\/p>\n\n\n\n<p class=\"has-text-align-left\">Bald gr\u00fcndete der Verein eine Theatergruppe, von der die Chronik stolz berichtet, dass jede&nbsp; Vorstellung ausverkauft war und oft Wiederholungen angesetzt werden mussten.<br>Nach einigen erfolgreichen Jahren wurde der Spielbetrieb eingestellt, wozu u.a. der erh\u00f6hte Fernsehkonsum beigetragen hat.&nbsp;<\/p>\n\n\n\n<p class=\"has-text-align-left\">Bis 1952 fanden die Turnstunden im &#8222;Rheingauer Hof&#8220; statt. Auf Initiative des Vorstandes stellte dann die Gemeinde Hattenheim den &#8222;Gro\u00dfen Fasskeller&#8220; im Wilhelmy- Haus zur Verf\u00fcgung. Dankbar schreibt der Protokoller: &#8222;Eine gro\u00dfe Sorge wurde dem Vorstand genommen&#8220;.<br>Trotz der nicht optimalen \u00dcbungsm\u00f6glichkeiten bahnte sich, insbesondere in der Leichtathletik, eine erfolgreiche Zeit an. Gr\u00f6\u00dfere Erfolge wurden errungen durch<br>Karl Laufer, Heinrich Gerster, Ernst Gebauer u.a. Einige Jahre konnte der TV Hattenheim in verschiedenen Laufdisziplinen den Rheingaumeister stellen.&nbsp;<\/p>\n\n\n\n<p class=\"has-text-align-left\">Im Jubil\u00e4umsjahr 1959 wurde die neue Schulturnhalle eingeweiht, die dann fortan f\u00fcr den \u00dcbungsbetrieb zur Verf\u00fcgung stand. Gro\u00df gefeiert wurde auf dem Marktplatz. \u00dcber 1000 Besucher erlebten ein gro\u00dfes Schauturnen und einen beachtlichen Festzug.<br>Nach \u00fcber 12-j\u00e4hriger T\u00e4tigkeit als Vorsitzender und Oberturnwart legte Karl Schultis 1962 seine \u00c4mter nieder.&nbsp;<\/p>\n\n\n\n<p class=\"has-text-align-left\">Nachfolger als Vorsitzender wurde Willi Schmidt, der den Verein bis 1977 leitete.<br>Danach \u00fcbernahm bis 1980 Herbert Claudy dieses Amt.<br>Es folgte Siegfried Wilhelm. 1983 legte er den Vorsitz nieder und es \u00fcbernahm ein Gesamtvorstand bestehend aus Karl-Heinz Molitor (Sprecher und Vertreter des gesch\u00e4ftsf\u00fchrenden Vorstandes), Gerhard Kremer, Bernt Zwick, Valentin Statzner und Ingrid Harasta die Gesch\u00e4ftsf\u00fchrung des Vereins.&nbsp;<\/p>\n\n\n\n<p class=\"has-text-align-left\">Erstmals besuchten 1963 f\u00fcnf Vereinsmitglieder das Deutsche Turnfest in Essen. 1968 beim Deutschen Turnfest in Berlin waren es dann schon 14.<br>Gro\u00dfe Sorge bereitete dem Vorstand des Vereins die mangelhafte Trainingsm\u00f6glichkeit f\u00fcr die Leichtathleten. Seit 1962 plante man eine Kleinsportanlage, doch fehlende Mittel der Gemeinde Hattenheim und andere Probleme lie\u00dfen das Projekt in immer weitere Ferne r\u00fccken. Auch die Eingliederung zur Stadt Eltville brachte die Sache nicht weiter. Erst im Jahre 1980 konnte B\u00fcrgermeister H\u00f6lzer in einer kleinen Feierstunde dem Verein die Anlage \u00fcbergeben.<br>Zwischenzeitlich beging 1969 der Verein sein 60-j\u00e4hriges Bestehen. Aus diesem Anlass fand im Fr\u00fchjahr der Gauturntag im &#8222;Gasthaus Noll&#8220; statt. Im September folgte eine Feierstunde unter Mitwirkung des M\u00e4nnergesangvereins Hattenheim. Eine Reihe verdienter Mitglieder wurde geehrt. Otto Korn \u00fcbergab feierlich die von ihm gestiftete neue Vereinsfahne. Auch wurde ein Volleyball &#8211; Turnier ausgerichtet, um dieser Sportart einen Weg zu bahnen. Es erschien erstmals eine Vereinszeitung, der &#8222;TV-Kurier&#8220;, der bis 1982 den Mitgliedern viertelj\u00e4hrlich zugestellt wurde.&nbsp;<\/p>\n\n\n\n<p class=\"has-text-align-left\">Im Jahre 1971 wurde eine Tischtennisabteilung gegr\u00fcndet, die sich an den Punktek\u00e4mpfen der Kreisklasse Rheingau beteiligte.&nbsp;<\/p>\n\n\n\n<p class=\"has-text-align-left\">1978 bildete sich auf Initiative von Valentin Statzner eine Wandergruppe, der er als Wanderwart vorstand. Regelm\u00e4\u00dfig wurden Wandertage in nah und fern besucht; errungene Gruppenpreise zeugen hiervon. Auch konnte der Verein 1979 seinen 1. Internationalen Volkswandertag im Kloster Eberbach ausrichten.&nbsp;<\/p>\n\n\n\n<p class=\"has-text-align-left\">Nicht unerw\u00e4hnt bleiben darf auch die Arbeit des seit Anfang 1978 t\u00e4tigen Kulturausschusses. Er entlastet den Vorstand bei der Ausrichtung geselliger Veranstaltungen wie: Vereinswandertag, Vereinsmeisterschaft, Fackelmarsch etc.&nbsp;<\/p>\n\n\n\n<p class=\"has-text-align-left\">Dar\u00fcber hinaus war der Kulturausschuss lange Jahre auch f\u00fcr die allj\u00e4hrliche Ausrichtung eines Grillfestes und einer Weihnachtsfeier bei der Lebenshilfe f\u00fcr spastisch gel\u00e4hmte Kinder im Wohnheim Georgenborn verantwortlich.<br>Im Wechsel ist auch der Turnverein Hattenheim Ausrichter der von der Stadt Eltville eingef\u00fchrten Stadtmeisterschaften.&nbsp;<\/p>\n\n\n\n<p class=\"has-text-align-left\">Eine sch\u00f6ne Gelegenheit, die turnerischen Leistungen der Kinder in der \u00d6ffentlichkeit vorzustellen, bietet sich beim Abturnen, jeweils im Dezember. Hierbei werden auch die Ehrungen der Vereinsmeister vorgenommen.<\/p>\n","protected":false},"excerpt":{"rendered":"<p>Der Vorstand 1. Vorsitzende Viktoria Zwerschke 2. Vorsitzende Pamela Stelzer Sportwartin Marina Mesenholl 2. Sportwartin Felicitas Pulverm\u00fcller Schriftf\u00fchrer\/in Jasmine Obstfelder 2. Schriftf\u00fchrerin Lisa-Antonia Berg Jugendvertreter\/in Vakant Kassierer Manfred Mesenholl 2. Kassierer Jeremias Sinaba Beisitzerin Jessica Gemmer Beisitzerin Bettina Egert Beisitzer Nikola Kisch Beisitzer Raphael Hrobarsch &nbsp;&nbsp;Datenschutzbeauftragter : Andr\u00e9 Simon (Datenschutz@tv-hattenheim.de)&nbsp; Der VereinWir sind mit derzeit [&hellip;]<\/p>\n","protected":false},"author":1,"featured_media":0,"parent":2,"menu_order":0,"comment_status":"closed","ping_status":"closed","template":"","meta":{"site-sidebar-layout":"default","site-content-layout":"default","ast-site-content-layout":"default","site-content-style":"default","site-sidebar-style":"default","ast-global-header-display":"","ast-banner-title-visibility":"","ast-main-header-display":"","ast-hfb-above-header-display":"","ast-hfb-below-header-display":"","ast-hfb-mobile-header-display":"","site-post-title":"","ast-breadcrumbs-content":"","ast-featured-img":"","footer-sml-layout":"","theme-transparent-header-meta":"default","adv-header-id-meta":"","stick-header-meta":"","header-above-stick-meta":"","header-main-stick-meta":"","header-below-stick-meta":"","astra-migrate-meta-layouts":"set","ast-page-background-enabled":"default","ast-page-background-meta":{"desktop":{"background-color":"","background-image":"","background-repeat":"repeat","background-position":"center center","background-size":"auto","background-attachment":"scroll","background-type":"","background-media":"","overlay-type":"","overlay-color":"","overlay-opacity":"","overlay-gradient":""},"tablet":{"background-color":"","background-image":"","background-repeat":"repeat","background-position":"center center","background-size":"auto","background-attachment":"scroll","background-type":"","background-media":"","overlay-type":"","overlay-color":"","overlay-opacity":"","overlay-gradient":""},"mobile":{"background-color":"","background-image":"","background-repeat":"repeat","background-position":"center center","background-size":"auto","background-attachment":"scroll","background-type":"","background-media":"","overlay-type":"","overlay-color":"","overlay-opacity":"","overlay-gradient":""}},"ast-content-background-meta":{"desktop":{"background-color":"var(--ast-global-color-5)","background-image":"","background-repeat":"repeat","background-position":"center center","background-size":"auto","background-attachment":"scroll","background-type":"","background-media":"","overlay-type":"","overlay-color":"","overlay-opacity":"","overlay-gradient":""},"tablet":{"background-color":"var(--ast-global-color-5)","background-image":"","background-repeat":"repeat","background-position":"center center","background-size":"auto","background-attachment":"scroll","background-type":"","background-media":"","overlay-type":"","overlay-color":"","overlay-opacity":"","overlay-gradient":""},"mobile":{"background-color":"var(--ast-global-color-5)","background-image":"","background-repeat":"repeat","background-position":"center center","background-size":"auto","background-attachment":"scroll","background-type":"","background-media":"","overlay-type":"","overlay-color":"","overlay-opacity":"","overlay-gradient":""}},"footnotes":""},"class_list":["post-19","page","type-page","status-publish","hentry"],"_links":{"self":[{"href":"https:\/\/tv-hattenheim.de\/index.php\/wp-json\/wp\/v2\/pages\/19","targetHints":{"allow":["GET"]}}],"collection":[{"href":"https:\/\/tv-hattenheim.de\/index.php\/wp-json\/wp\/v2\/pages"}],"about":[{"href":"https:\/\/tv-hattenheim.de\/index.php\/wp-json\/wp\/v2\/types\/page"}],"author":[{"embeddable":true,"href":"https:\/\/tv-hattenheim.de\/index.php\/wp-json\/wp\/v2\/users\/1"}],"replies":[{"embeddable":true,"href":"https:\/\/tv-hattenheim.de\/index.php\/wp-json\/wp\/v2\/comments?post=19"}],"version-history":[{"count":10,"href":"https:\/\/tv-hattenheim.de\/index.php\/wp-json\/wp\/v2\/pages\/19\/revisions"}],"predecessor-version":[{"id":714,"href":"https:\/\/tv-hattenheim.de\/index.php\/wp-json\/wp\/v2\/pages\/19\/revisions\/714"}],"up":[{"embeddable":true,"href":"https:\/\/tv-hattenheim.de\/index.php\/wp-json\/wp\/v2\/pages\/2"}],"wp:attachment":[{"href":"https:\/\/tv-hattenheim.de\/index.php\/wp-json\/wp\/v2\/media?parent=19"}],"curies":[{"name":"wp","href":"https:\/\/api.w.org\/{rel}","templated":true}]}}