{"id":163,"date":"2021-09-14T13:15:20","date_gmt":"2021-09-14T13:15:20","guid":{"rendered":"https:\/\/tvh.mb7x.de\/?page_id=163"},"modified":"2023-01-11T15:57:47","modified_gmt":"2023-01-11T14:57:47","slug":"turnen-allgemein-5-6-jahre","status":"publish","type":"page","link":"https:\/\/tv-hattenheim.de\/index.php\/turnen-allgemein-5-6-jahre\/","title":{"rendered":"Turnen allgemein 5 &#8211; 6 Jahre"},"content":{"rendered":"\n<p><strong>Trainingszeiten:&nbsp;Donnerstags von 15:30 bis 16:30 Uhr<\/strong><\/p>\n\n\n\n<p>Die \u201eGummib\u00e4ren\u201c benutzen so ziemlich alle Ger\u00e4te, die in der Turnhalle zu finden sind, immer mit dem Ziel das Vertrauen in die&nbsp;Grundf\u00e4higkeiten im Klettern, Balancieren, Springen und Rollen zu st\u00e4rken und weiterzuentwickeln. Entweder bauen wir einzelne Ger\u00e4te auf, um gezielt leichte Elemente des Ger\u00e4teturnens zu \u00fcben oder wir mischen viele Gro\u00df-&nbsp;und Kleinger\u00e4te, um uns in Bewegungslandschaften auszutoben. Die Kinder und ich haben dabei immer viel Spa\u00df.<\/p>\n\n\n\n<figure class=\"wp-block-image size-large\"><img fetchpriority=\"high\" decoding=\"async\" width=\"1024\" height=\"768\" src=\"https:\/\/tv-hattenheim.de\/wp-content\/uploads\/2023\/01\/2023_T5-6-1024x768.jpg\" alt=\"\" class=\"wp-image-393\" srcset=\"https:\/\/tv-hattenheim.de\/wp-content\/uploads\/2023\/01\/2023_T5-6-1024x768.jpg 1024w, https:\/\/tv-hattenheim.de\/wp-content\/uploads\/2023\/01\/2023_T5-6-300x225.jpg 300w, https:\/\/tv-hattenheim.de\/wp-content\/uploads\/2023\/01\/2023_T5-6-768x576.jpg 768w, https:\/\/tv-hattenheim.de\/wp-content\/uploads\/2023\/01\/2023_T5-6-1536x1152.jpg 1536w, https:\/\/tv-hattenheim.de\/wp-content\/uploads\/2023\/01\/2023_T5-6-2048x1536.jpg 2048w\" sizes=\"(max-width: 1024px) 100vw, 1024px\" \/><\/figure>\n\n\n\n<figure class=\"wp-block-image aligncenter size-full\"><img decoding=\"async\" width=\"800\" height=\"800\" src=\"https:\/\/tvh.mb7x.de\/wp-content\/uploads\/2021\/09\/Kinderturnen_5-6.jpg\" alt=\"\" class=\"wp-image-164\" srcset=\"https:\/\/tv-hattenheim.de\/wp-content\/uploads\/2021\/09\/Kinderturnen_5-6.jpg 800w, https:\/\/tv-hattenheim.de\/wp-content\/uploads\/2021\/09\/Kinderturnen_5-6-300x300.jpg 300w, https:\/\/tv-hattenheim.de\/wp-content\/uploads\/2021\/09\/Kinderturnen_5-6-150x150.jpg 150w, https:\/\/tv-hattenheim.de\/wp-content\/uploads\/2021\/09\/Kinderturnen_5-6-768x768.jpg 768w\" sizes=\"(max-width: 800px) 100vw, 800px\" \/><\/figure>\n\n\n\n<p>Ansprechpartner\/in: Felicitas Pulverm\u00fcller<br>Helfer: Elke Schiekel<\/p>\n","protected":false},"excerpt":{"rendered":"<p>Trainingszeiten:&nbsp;Donnerstags von 15:30 bis 16:30 Uhr Die \u201eGummib\u00e4ren\u201c benutzen so ziemlich alle Ger\u00e4te, die in der Turnhalle zu finden sind, immer mit dem Ziel das Vertrauen in die&nbsp;Grundf\u00e4higkeiten im Klettern, Balancieren, Springen und Rollen zu st\u00e4rken und weiterzuentwickeln. Entweder bauen wir einzelne Ger\u00e4te auf, um gezielt leichte Elemente des Ger\u00e4teturnens zu \u00fcben oder wir mischen [&hellip;]<\/p>\n","protected":false},"author":1,"featured_media":0,"parent":0,"menu_order":0,"comment_status":"closed","ping_status":"closed","template":"","meta":{"site-sidebar-layout":"default","site-content-layout":"default","ast-site-content-layout":"","site-content-style":"default","site-sidebar-style":"default","ast-global-header-display":"","ast-banner-title-visibility":"","ast-main-header-display":"","ast-hfb-above-header-display":"","ast-hfb-below-header-display":"","ast-hfb-mobile-header-display":"","site-post-title":"","ast-breadcrumbs-content":"","ast-featured-img":"","footer-sml-layout":"","theme-transparent-header-meta":"default","adv-header-id-meta":"","stick-header-meta":"","header-above-stick-meta":"","header-main-stick-meta":"","header-below-stick-meta":"","astra-migrate-meta-layouts":"default","ast-page-background-enabled":"default","ast-page-background-meta":{"desktop":{"background-color":"","background-image":"","background-repeat":"repeat","background-position":"center center","background-size":"auto","background-attachment":"scroll","background-type":"","background-media":"","overlay-type":"","overlay-color":"","overlay-opacity":"","overlay-gradient":""},"tablet":{"background-color":"","background-image":"","background-repeat":"repeat","background-position":"center center","background-size":"auto","background-attachment":"scroll","background-type":"","background-media":"","overlay-type":"","overlay-color":"","overlay-opacity":"","overlay-gradient":""},"mobile":{"background-color":"","background-image":"","background-repeat":"repeat","background-position":"center center","background-size":"auto","background-attachment":"scroll","background-type":"","background-media":"","overlay-type":"","overlay-color":"","overlay-opacity":"","overlay-gradient":""}},"ast-content-background-meta":{"desktop":{"background-color":"var(--ast-global-color-5)","background-image":"","background-repeat":"repeat","background-position":"center center","background-size":"auto","background-attachment":"scroll","background-type":"","background-media":"","overlay-type":"","overlay-color":"","overlay-opacity":"","overlay-gradient":""},"tablet":{"background-color":"var(--ast-global-color-5)","background-image":"","background-repeat":"repeat","background-position":"center center","background-size":"auto","background-attachment":"scroll","background-type":"","background-media":"","overlay-type":"","overlay-color":"","overlay-opacity":"","overlay-gradient":""},"mobile":{"background-color":"var(--ast-global-color-5)","background-image":"","background-repeat":"repeat","background-position":"center center","background-size":"auto","background-attachment":"scroll","background-type":"","background-media":"","overlay-type":"","overlay-color":"","overlay-opacity":"","overlay-gradient":""}},"footnotes":""},"class_list":["post-163","page","type-page","status-publish","hentry"],"_links":{"self":[{"href":"https:\/\/tv-hattenheim.de\/index.php\/wp-json\/wp\/v2\/pages\/163","targetHints":{"allow":["GET"]}}],"collection":[{"href":"https:\/\/tv-hattenheim.de\/index.php\/wp-json\/wp\/v2\/pages"}],"about":[{"href":"https:\/\/tv-hattenheim.de\/index.php\/wp-json\/wp\/v2\/types\/page"}],"author":[{"embeddable":true,"href":"https:\/\/tv-hattenheim.de\/index.php\/wp-json\/wp\/v2\/users\/1"}],"replies":[{"embeddable":true,"href":"https:\/\/tv-hattenheim.de\/index.php\/wp-json\/wp\/v2\/comments?post=163"}],"version-history":[{"count":4,"href":"https:\/\/tv-hattenheim.de\/index.php\/wp-json\/wp\/v2\/pages\/163\/revisions"}],"predecessor-version":[{"id":399,"href":"https:\/\/tv-hattenheim.de\/index.php\/wp-json\/wp\/v2\/pages\/163\/revisions\/399"}],"wp:attachment":[{"href":"https:\/\/tv-hattenheim.de\/index.php\/wp-json\/wp\/v2\/media?parent=163"}],"curies":[{"name":"wp","href":"https:\/\/api.w.org\/{rel}","templated":true}]}}