{"id":160,"date":"2021-09-14T13:13:55","date_gmt":"2021-09-14T13:13:55","guid":{"rendered":"https:\/\/tvh.mb7x.de\/?page_id=160"},"modified":"2023-01-11T15:56:19","modified_gmt":"2023-01-11T14:56:19","slug":"turnen-allgemein-35-5-jahre","status":"publish","type":"page","link":"https:\/\/tv-hattenheim.de\/index.php\/turnen-allgemein-35-5-jahre\/","title":{"rendered":"Turnen allgemein 3,5 &#8211; 5 Jahre"},"content":{"rendered":"\n<p><strong>Trainingszeiten: Donnerstags, 14.30 &#8211; 15.30 Uhr<\/strong><\/p>\n\n\n\n<p>In dieser Stunde erobern die Kinder erstmals ohne die Hilfe Ihrer Eltern die Turnhalle und lernen dabei die verschiedenen Turnger\u00e4te und einfache Turn\u00fcbungen kennen. Es werden spielerisch die motorischen Grundfertigkeiten wie Laufen, Springen, Werfen, Schwingen, Rollen etc. gef\u00f6rdert. Dabei richten sich die \u00dcbungsleiter\/innen stets nach den individuellen F\u00e4higkeiten des Kindes. Die Kinder sollen einfach Spa\u00df an der Bewegung haben. Nat\u00fcrlich darf auch das spielerische Miteinander nicht zu kurz kommen.<\/p>\n\n\n\n<p>Ansprechpartner\/in: Felicitas Pulverm\u00fcller und Jessica Gemmer<br>Helfer: Elke Schiekel<\/p>\n\n\n\n<figure class=\"wp-block-image size-large is-resized\"><img fetchpriority=\"high\" decoding=\"async\" src=\"https:\/\/tv-hattenheim.de\/wp-content\/uploads\/2023\/01\/2023_Tbis5-1024x715.jpg\" alt=\"\" class=\"wp-image-394\" width=\"810\" height=\"566\" srcset=\"https:\/\/tv-hattenheim.de\/wp-content\/uploads\/2023\/01\/2023_Tbis5-1024x715.jpg 1024w, https:\/\/tv-hattenheim.de\/wp-content\/uploads\/2023\/01\/2023_Tbis5-300x210.jpg 300w, https:\/\/tv-hattenheim.de\/wp-content\/uploads\/2023\/01\/2023_Tbis5-768x536.jpg 768w, https:\/\/tv-hattenheim.de\/wp-content\/uploads\/2023\/01\/2023_Tbis5-1536x1073.jpg 1536w, https:\/\/tv-hattenheim.de\/wp-content\/uploads\/2023\/01\/2023_Tbis5-2048x1430.jpg 2048w\" sizes=\"(max-width: 810px) 100vw, 810px\" \/><\/figure>\n","protected":false},"excerpt":{"rendered":"<p>Trainingszeiten: Donnerstags, 14.30 &#8211; 15.30 Uhr In dieser Stunde erobern die Kinder erstmals ohne die Hilfe Ihrer Eltern die Turnhalle und lernen dabei die verschiedenen Turnger\u00e4te und einfache Turn\u00fcbungen kennen. Es werden spielerisch die motorischen Grundfertigkeiten wie Laufen, Springen, Werfen, Schwingen, Rollen etc. gef\u00f6rdert. Dabei richten sich die \u00dcbungsleiter\/innen stets nach den individuellen F\u00e4higkeiten des [&hellip;]<\/p>\n","protected":false},"author":1,"featured_media":0,"parent":0,"menu_order":0,"comment_status":"closed","ping_status":"closed","template":"","meta":{"site-sidebar-layout":"default","site-content-layout":"default","ast-site-content-layout":"","site-content-style":"default","site-sidebar-style":"default","ast-global-header-display":"","ast-banner-title-visibility":"","ast-main-header-display":"","ast-hfb-above-header-display":"","ast-hfb-below-header-display":"","ast-hfb-mobile-header-display":"","site-post-title":"","ast-breadcrumbs-content":"","ast-featured-img":"","footer-sml-layout":"","theme-transparent-header-meta":"default","adv-header-id-meta":"","stick-header-meta":"","header-above-stick-meta":"","header-main-stick-meta":"","header-below-stick-meta":"","astra-migrate-meta-layouts":"default","ast-page-background-enabled":"default","ast-page-background-meta":{"desktop":{"background-color":"","background-image":"","background-repeat":"repeat","background-position":"center center","background-size":"auto","background-attachment":"scroll","background-type":"","background-media":"","overlay-type":"","overlay-color":"","overlay-opacity":"","overlay-gradient":""},"tablet":{"background-color":"","background-image":"","background-repeat":"repeat","background-position":"center center","background-size":"auto","background-attachment":"scroll","background-type":"","background-media":"","overlay-type":"","overlay-color":"","overlay-opacity":"","overlay-gradient":""},"mobile":{"background-color":"","background-image":"","background-repeat":"repeat","background-position":"center center","background-size":"auto","background-attachment":"scroll","background-type":"","background-media":"","overlay-type":"","overlay-color":"","overlay-opacity":"","overlay-gradient":""}},"ast-content-background-meta":{"desktop":{"background-color":"var(--ast-global-color-5)","background-image":"","background-repeat":"repeat","background-position":"center center","background-size":"auto","background-attachment":"scroll","background-type":"","background-media":"","overlay-type":"","overlay-color":"","overlay-opacity":"","overlay-gradient":""},"tablet":{"background-color":"var(--ast-global-color-5)","background-image":"","background-repeat":"repeat","background-position":"center center","background-size":"auto","background-attachment":"scroll","background-type":"","background-media":"","overlay-type":"","overlay-color":"","overlay-opacity":"","overlay-gradient":""},"mobile":{"background-color":"var(--ast-global-color-5)","background-image":"","background-repeat":"repeat","background-position":"center center","background-size":"auto","background-attachment":"scroll","background-type":"","background-media":"","overlay-type":"","overlay-color":"","overlay-opacity":"","overlay-gradient":""}},"footnotes":""},"class_list":["post-160","page","type-page","status-publish","hentry"],"_links":{"self":[{"href":"https:\/\/tv-hattenheim.de\/index.php\/wp-json\/wp\/v2\/pages\/160","targetHints":{"allow":["GET"]}}],"collection":[{"href":"https:\/\/tv-hattenheim.de\/index.php\/wp-json\/wp\/v2\/pages"}],"about":[{"href":"https:\/\/tv-hattenheim.de\/index.php\/wp-json\/wp\/v2\/types\/page"}],"author":[{"embeddable":true,"href":"https:\/\/tv-hattenheim.de\/index.php\/wp-json\/wp\/v2\/users\/1"}],"replies":[{"embeddable":true,"href":"https:\/\/tv-hattenheim.de\/index.php\/wp-json\/wp\/v2\/comments?post=160"}],"version-history":[{"count":3,"href":"https:\/\/tv-hattenheim.de\/index.php\/wp-json\/wp\/v2\/pages\/160\/revisions"}],"predecessor-version":[{"id":397,"href":"https:\/\/tv-hattenheim.de\/index.php\/wp-json\/wp\/v2\/pages\/160\/revisions\/397"}],"wp:attachment":[{"href":"https:\/\/tv-hattenheim.de\/index.php\/wp-json\/wp\/v2\/media?parent=160"}],"curies":[{"name":"wp","href":"https:\/\/api.w.org\/{rel}","templated":true}]}}