{"id":156,"date":"2021-09-14T13:13:32","date_gmt":"2021-09-14T13:13:32","guid":{"rendered":"https:\/\/tvh.mb7x.de\/?page_id=156"},"modified":"2025-10-14T16:17:47","modified_gmt":"2025-10-14T14:17:47","slug":"eltern-und-kind-turnen","status":"publish","type":"page","link":"https:\/\/tv-hattenheim.de\/index.php\/eltern-und-kind-turnen\/","title":{"rendered":"Eltern und Kind Turnen"},"content":{"rendered":"\n<p><strong>Trainingszeiten: Montags, 16.00 &#8211; 17.00 Uhr<\/strong><\/p>\n\n\n\n<p>In dieser Gruppe treffen sich Kinder im Alter von 1\u00bd bis 3\u00bd Jahren jeden Montag von 16:00 bis 17:00 Uhr. Hier k\u00f6nnen die Kinder zusammen mit ihren Eltern die ersten Erfahrungen in der Turnhalle sammeln. Wir m\u00f6chten den Kindern in dieser Stunde zeigen wie spannend, aufregend und lustig es ist sich zu bewegen und mit anderen Kindern in der Gruppe zu spielen. In unserer Stunde wird der nat\u00fcrliche Bewegungsdrang der Kinder genutzt, um die angeborenen Fertigkeiten und F\u00e4higkeiten zu f\u00f6rdern. Das erreichen wir mit Spielen, die gleichzeitig auch das Sozialverhalten der Kinder f\u00f6rdern und durch Bewegungslandschaften, die den Kindern Freiraum lassen sich mit Ger\u00e4ten, Kleinger\u00e4ten und mit Alltagsmaterialien auseinanderzusetzen.<\/p>\n\n\n\n<figure class=\"wp-block-image aligncenter size-large\"><img fetchpriority=\"high\" decoding=\"async\" width=\"1024\" height=\"678\" src=\"https:\/\/tvh.mb7x.de\/wp-content\/uploads\/2021\/09\/DSC_0199-1024x678.jpg\" alt=\"\" class=\"wp-image-157\" srcset=\"https:\/\/tv-hattenheim.de\/wp-content\/uploads\/2021\/09\/DSC_0199-1024x678.jpg 1024w, https:\/\/tv-hattenheim.de\/wp-content\/uploads\/2021\/09\/DSC_0199-300x199.jpg 300w, https:\/\/tv-hattenheim.de\/wp-content\/uploads\/2021\/09\/DSC_0199-768x509.jpg 768w, https:\/\/tv-hattenheim.de\/wp-content\/uploads\/2021\/09\/DSC_0199-1536x1017.jpg 1536w, https:\/\/tv-hattenheim.de\/wp-content\/uploads\/2021\/09\/DSC_0199-2048x1356.jpg 2048w\" sizes=\"(max-width: 1024px) 100vw, 1024px\" \/><\/figure>\n\n\n\n<p><\/p>\n","protected":false},"excerpt":{"rendered":"<p>Trainingszeiten: Montags, 16.00 &#8211; 17.00 Uhr In dieser Gruppe treffen sich Kinder im Alter von 1\u00bd bis 3\u00bd Jahren jeden Montag von 16:00 bis 17:00 Uhr. Hier k\u00f6nnen die Kinder zusammen mit ihren Eltern die ersten Erfahrungen in der Turnhalle sammeln. Wir m\u00f6chten den Kindern in dieser Stunde zeigen wie spannend, aufregend und lustig es [&hellip;]<\/p>\n","protected":false},"author":1,"featured_media":0,"parent":0,"menu_order":0,"comment_status":"closed","ping_status":"closed","template":"","meta":{"site-sidebar-layout":"default","site-content-layout":"default","ast-site-content-layout":"default","site-content-style":"default","site-sidebar-style":"default","ast-global-header-display":"","ast-banner-title-visibility":"","ast-main-header-display":"","ast-hfb-above-header-display":"","ast-hfb-below-header-display":"","ast-hfb-mobile-header-display":"","site-post-title":"","ast-breadcrumbs-content":"","ast-featured-img":"","footer-sml-layout":"","theme-transparent-header-meta":"default","adv-header-id-meta":"","stick-header-meta":"","header-above-stick-meta":"","header-main-stick-meta":"","header-below-stick-meta":"","astra-migrate-meta-layouts":"set","ast-page-background-enabled":"default","ast-page-background-meta":{"desktop":{"background-color":"","background-image":"","background-repeat":"repeat","background-position":"center center","background-size":"auto","background-attachment":"scroll","background-type":"","background-media":"","overlay-type":"","overlay-color":"","overlay-opacity":"","overlay-gradient":""},"tablet":{"background-color":"","background-image":"","background-repeat":"repeat","background-position":"center center","background-size":"auto","background-attachment":"scroll","background-type":"","background-media":"","overlay-type":"","overlay-color":"","overlay-opacity":"","overlay-gradient":""},"mobile":{"background-color":"","background-image":"","background-repeat":"repeat","background-position":"center center","background-size":"auto","background-attachment":"scroll","background-type":"","background-media":"","overlay-type":"","overlay-color":"","overlay-opacity":"","overlay-gradient":""}},"ast-content-background-meta":{"desktop":{"background-color":"var(--ast-global-color-5)","background-image":"","background-repeat":"repeat","background-position":"center center","background-size":"auto","background-attachment":"scroll","background-type":"","background-media":"","overlay-type":"","overlay-color":"","overlay-opacity":"","overlay-gradient":""},"tablet":{"background-color":"var(--ast-global-color-5)","background-image":"","background-repeat":"repeat","background-position":"center center","background-size":"auto","background-attachment":"scroll","background-type":"","background-media":"","overlay-type":"","overlay-color":"","overlay-opacity":"","overlay-gradient":""},"mobile":{"background-color":"var(--ast-global-color-5)","background-image":"","background-repeat":"repeat","background-position":"center center","background-size":"auto","background-attachment":"scroll","background-type":"","background-media":"","overlay-type":"","overlay-color":"","overlay-opacity":"","overlay-gradient":""}},"footnotes":""},"class_list":["post-156","page","type-page","status-publish","hentry"],"_links":{"self":[{"href":"https:\/\/tv-hattenheim.de\/index.php\/wp-json\/wp\/v2\/pages\/156","targetHints":{"allow":["GET"]}}],"collection":[{"href":"https:\/\/tv-hattenheim.de\/index.php\/wp-json\/wp\/v2\/pages"}],"about":[{"href":"https:\/\/tv-hattenheim.de\/index.php\/wp-json\/wp\/v2\/types\/page"}],"author":[{"embeddable":true,"href":"https:\/\/tv-hattenheim.de\/index.php\/wp-json\/wp\/v2\/users\/1"}],"replies":[{"embeddable":true,"href":"https:\/\/tv-hattenheim.de\/index.php\/wp-json\/wp\/v2\/comments?post=156"}],"version-history":[{"count":3,"href":"https:\/\/tv-hattenheim.de\/index.php\/wp-json\/wp\/v2\/pages\/156\/revisions"}],"predecessor-version":[{"id":721,"href":"https:\/\/tv-hattenheim.de\/index.php\/wp-json\/wp\/v2\/pages\/156\/revisions\/721"}],"wp:attachment":[{"href":"https:\/\/tv-hattenheim.de\/index.php\/wp-json\/wp\/v2\/media?parent=156"}],"curies":[{"name":"wp","href":"https:\/\/api.w.org\/{rel}","templated":true}]}}