{"id":121,"date":"2021-09-14T12:44:26","date_gmt":"2021-09-14T12:44:26","guid":{"rendered":"https:\/\/tvh.mb7x.de\/?page_id=121"},"modified":"2024-03-20T13:40:04","modified_gmt":"2024-03-20T12:40:04","slug":"aktiv-bis-100","status":"publish","type":"page","link":"https:\/\/tv-hattenheim.de\/index.php\/aktiv-bis-100\/","title":{"rendered":"Kraft-Zirkel-Training"},"content":{"rendered":"\n<p><strong>Trainingszeiten: Donnerstags, 18.00 &#8211; 19.00 Uhr<\/strong><\/p>\n\n\n\n<p>Fullbody Workout, bei dem du mit verschiedenen Kleinger\u00e4ten und deinem K\u00f6rpergewicht arbeitest. <\/p>\n\n\n\n<p>Jeder auf seinem Level -und das wollen wir nat\u00fcrlich steigern!!!<br>F\u00fcr alle, die sich richtig auspowern wollen. Komm einfach mit deinen Freunden vorbei!<\/p>\n\n\n\n<p><br>Wer noch Fragen hat an sportwart@tv-hattenheim.de.<\/p>\n","protected":false},"excerpt":{"rendered":"<p>Trainingszeiten: Donnerstags, 18.00 &#8211; 19.00 Uhr Fullbody Workout, bei dem du mit verschiedenen Kleinger\u00e4ten und deinem K\u00f6rpergewicht arbeitest. Jeder auf seinem Level -und das wollen wir nat\u00fcrlich steigern!!!F\u00fcr alle, die sich richtig auspowern wollen. Komm einfach mit deinen Freunden vorbei! Wer noch Fragen hat an sportwart@tv-hattenheim.de.<\/p>\n","protected":false},"author":1,"featured_media":0,"parent":0,"menu_order":0,"comment_status":"closed","ping_status":"closed","template":"","meta":{"site-sidebar-layout":"default","site-content-layout":"default","ast-site-content-layout":"","site-content-style":"default","site-sidebar-style":"default","ast-global-header-display":"","ast-banner-title-visibility":"","ast-main-header-display":"","ast-hfb-above-header-display":"","ast-hfb-below-header-display":"","ast-hfb-mobile-header-display":"","site-post-title":"","ast-breadcrumbs-content":"","ast-featured-img":"","footer-sml-layout":"","theme-transparent-header-meta":"default","adv-header-id-meta":"","stick-header-meta":"","header-above-stick-meta":"","header-main-stick-meta":"","header-below-stick-meta":"","astra-migrate-meta-layouts":"default","ast-page-background-enabled":"default","ast-page-background-meta":{"desktop":{"background-color":"","background-image":"","background-repeat":"repeat","background-position":"center center","background-size":"auto","background-attachment":"scroll","background-type":"","background-media":"","overlay-type":"","overlay-color":"","overlay-opacity":"","overlay-gradient":""},"tablet":{"background-color":"","background-image":"","background-repeat":"repeat","background-position":"center center","background-size":"auto","background-attachment":"scroll","background-type":"","background-media":"","overlay-type":"","overlay-color":"","overlay-opacity":"","overlay-gradient":""},"mobile":{"background-color":"","background-image":"","background-repeat":"repeat","background-position":"center center","background-size":"auto","background-attachment":"scroll","background-type":"","background-media":"","overlay-type":"","overlay-color":"","overlay-opacity":"","overlay-gradient":""}},"ast-content-background-meta":{"desktop":{"background-color":"var(--ast-global-color-5)","background-image":"","background-repeat":"repeat","background-position":"center center","background-size":"auto","background-attachment":"scroll","background-type":"","background-media":"","overlay-type":"","overlay-color":"","overlay-opacity":"","overlay-gradient":""},"tablet":{"background-color":"var(--ast-global-color-5)","background-image":"","background-repeat":"repeat","background-position":"center center","background-size":"auto","background-attachment":"scroll","background-type":"","background-media":"","overlay-type":"","overlay-color":"","overlay-opacity":"","overlay-gradient":""},"mobile":{"background-color":"var(--ast-global-color-5)","background-image":"","background-repeat":"repeat","background-position":"center center","background-size":"auto","background-attachment":"scroll","background-type":"","background-media":"","overlay-type":"","overlay-color":"","overlay-opacity":"","overlay-gradient":""}},"footnotes":""},"class_list":["post-121","page","type-page","status-publish","hentry"],"_links":{"self":[{"href":"https:\/\/tv-hattenheim.de\/index.php\/wp-json\/wp\/v2\/pages\/121","targetHints":{"allow":["GET"]}}],"collection":[{"href":"https:\/\/tv-hattenheim.de\/index.php\/wp-json\/wp\/v2\/pages"}],"about":[{"href":"https:\/\/tv-hattenheim.de\/index.php\/wp-json\/wp\/v2\/types\/page"}],"author":[{"embeddable":true,"href":"https:\/\/tv-hattenheim.de\/index.php\/wp-json\/wp\/v2\/users\/1"}],"replies":[{"embeddable":true,"href":"https:\/\/tv-hattenheim.de\/index.php\/wp-json\/wp\/v2\/comments?post=121"}],"version-history":[{"count":3,"href":"https:\/\/tv-hattenheim.de\/index.php\/wp-json\/wp\/v2\/pages\/121\/revisions"}],"predecessor-version":[{"id":509,"href":"https:\/\/tv-hattenheim.de\/index.php\/wp-json\/wp\/v2\/pages\/121\/revisions\/509"}],"wp:attachment":[{"href":"https:\/\/tv-hattenheim.de\/index.php\/wp-json\/wp\/v2\/media?parent=121"}],"curies":[{"name":"wp","href":"https:\/\/api.w.org\/{rel}","templated":true}]}}